{"id":1051,"date":"2024-05-26T20:37:03","date_gmt":"2024-05-26T18:37:03","guid":{"rendered":"https:\/\/tastentango.de\/?page_id=1051"},"modified":"2024-05-26T22:05:11","modified_gmt":"2024-05-26T20:05:11","slug":"startseite-2","status":"publish","type":"page","link":"https:\/\/tastentango.de\/?page_id=1051","title":{"rendered":"\u00dcber Umoja"},"content":{"rendered":"<p>Das Dorf \u201eUmoja\u201c im Herzen des Samburu-Gebietes in Kenia wurde 1990 von Rebecca Lolosoli als reines Frauendorf gegr\u00fcndet und bietet seinen Bewohnerinnen und ihren Kindern bis heute Schutz vor Gewalt und Unterdr\u00fcckung. Zugleich leisten die Frauen von Umoja mit ihren wegweisenden Projekten einen ma\u00dfgeblichen Beitrag zur Entwickung der gesamten Region. Dabei werden sie vom Freundeskreis Umoja \u2013 Friends of Umoja e.V. unterst\u00fctzt.<\/p>\n","protected":false},"excerpt":{"rendered":"<p>Das Dorf \u201eUmoja\u201c im Herzen des Samburu-Gebietes in Kenia wurde 1990 von Rebecca Lolosoli als reines Frauendorf gegr\u00fcndet und bietet seinen Bewohnerinnen und ihren Kindern bis heute Schutz vor Gewalt und Unterdr\u00fcckung. Zugleich leisten die Frauen von Umoja mit ihren wegweisenden Projekten einen ma\u00dfgeblichen Beitrag zur Entwickung der gesamten Region. Dabei werden sie vom Freundeskreis [&hellip;]<\/p>\n","protected":false},"author":1,"featured_media":96,"parent":0,"menu_order":0,"comment_status":"closed","ping_status":"closed","template":"","meta":{"footnotes":""},"_links":{"self":[{"href":"https:\/\/tastentango.de\/index.php?rest_route=\/wp\/v2\/pages\/1051"}],"collection":[{"href":"https:\/\/tastentango.de\/index.php?rest_route=\/wp\/v2\/pages"}],"about":[{"href":"https:\/\/tastentango.de\/index.php?rest_route=\/wp\/v2\/types\/page"}],"author":[{"embeddable":true,"href":"https:\/\/tastentango.de\/index.php?rest_route=\/wp\/v2\/users\/1"}],"replies":[{"embeddable":true,"href":"https:\/\/tastentango.de\/index.php?rest_route=%2Fwp%2Fv2%2Fcomments&post=1051"}],"version-history":[{"count":4,"href":"https:\/\/tastentango.de\/index.php?rest_route=\/wp\/v2\/pages\/1051\/revisions"}],"predecessor-version":[{"id":1086,"href":"https:\/\/tastentango.de\/index.php?rest_route=\/wp\/v2\/pages\/1051\/revisions\/1086"}],"wp:featuredmedia":[{"embeddable":true,"href":"https:\/\/tastentango.de\/index.php?rest_route=\/wp\/v2\/media\/96"}],"wp:attachment":[{"href":"https:\/\/tastentango.de\/index.php?rest_route=%2Fwp%2Fv2%2Fmedia&parent=1051"}],"curies":[{"name":"wp","href":"https:\/\/api.w.org\/{rel}","templated":true}]}}