{"id":1082,"date":"2024-05-26T21:51:31","date_gmt":"2024-05-26T19:51:31","guid":{"rendered":"https:\/\/tastentango.de\/?page_id=1082"},"modified":"2024-05-30T19:17:36","modified_gmt":"2024-05-30T17:17:36","slug":"startseite-3","status":"publish","type":"page","link":"https:\/\/tastentango.de\/","title":{"rendered":"Umoja &#8211; wie starke Frauen eine ganze Region ver\u00e4ndern"},"content":{"rendered":"<p><strong>&#8222;Umoja&#8220; hei\u00dft &#8222;Einheit&#8220;.<\/strong> Das Dorf Umoja im Herzen des Samburu-Gebietes in Kenia wurde 1990 von Rebecca Lolosoli als <strong>erstes Frauendorf Afrikas<\/strong> gegr\u00fcndet und bietet seinen Bewohnerinnen und ihren Kindern bis heute Schutz vor Gewalt und Unterdr\u00fcckung. Zugleich leisten die Frauen von Umoja mit ihren wegweisenden Projekten einen ma\u00dfgeblichen Beitrag zur Entwickung der gesamten Region.<br \/>\nDabei werden sie vom <strong>Freundeskreis Umoja \u2013 Friends of Umoja e.V.<\/strong> unterst\u00fctzt.<\/p>\n","protected":false},"excerpt":{"rendered":"<p>&#8222;Umoja&#8220; hei\u00dft &#8222;Einheit&#8220;. Das Dorf Umoja im Herzen des Samburu-Gebietes in Kenia wurde 1990 von Rebecca Lolosoli als erstes Frauendorf Afrikas gegr\u00fcndet und bietet seinen Bewohnerinnen und ihren Kindern bis heute Schutz vor Gewalt und Unterdr\u00fcckung. Zugleich leisten die Frauen von Umoja mit ihren wegweisenden Projekten einen ma\u00dfgeblichen Beitrag zur Entwickung der gesamten Region. Dabei [&hellip;]<\/p>\n","protected":false},"author":1,"featured_media":96,"parent":0,"menu_order":0,"comment_status":"closed","ping_status":"closed","template":"wp-custom-template-meine-pers-nliche-startseite","meta":{"footnotes":""},"_links":{"self":[{"href":"https:\/\/tastentango.de\/index.php?rest_route=\/wp\/v2\/pages\/1082"}],"collection":[{"href":"https:\/\/tastentango.de\/index.php?rest_route=\/wp\/v2\/pages"}],"about":[{"href":"https:\/\/tastentango.de\/index.php?rest_route=\/wp\/v2\/types\/page"}],"author":[{"embeddable":true,"href":"https:\/\/tastentango.de\/index.php?rest_route=\/wp\/v2\/users\/1"}],"replies":[{"embeddable":true,"href":"https:\/\/tastentango.de\/index.php?rest_route=%2Fwp%2Fv2%2Fcomments&post=1082"}],"version-history":[{"count":11,"href":"https:\/\/tastentango.de\/index.php?rest_route=\/wp\/v2\/pages\/1082\/revisions"}],"predecessor-version":[{"id":1349,"href":"https:\/\/tastentango.de\/index.php?rest_route=\/wp\/v2\/pages\/1082\/revisions\/1349"}],"wp:featuredmedia":[{"embeddable":true,"href":"https:\/\/tastentango.de\/index.php?rest_route=\/wp\/v2\/media\/96"}],"wp:attachment":[{"href":"https:\/\/tastentango.de\/index.php?rest_route=%2Fwp%2Fv2%2Fmedia&parent=1082"}],"curies":[{"name":"wp","href":"https:\/\/api.w.org\/{rel}","templated":true}]}}